{"id":38,"date":"2021-02-01T09:36:53","date_gmt":"2021-02-01T08:36:53","guid":{"rendered":"https:\/\/pfadipulacha289315841.wordpress.com\/?page_id=38"},"modified":"2025-11-14T07:41:06","modified_gmt":"2025-11-14T06:41:06","slug":"pfadi","status":"publish","type":"page","link":"https:\/\/pfadi-pulacha.ch\/","title":{"rendered":"Pfadi?!"},"content":{"rendered":"\n<h2 class=\"wp-block-heading has-text-color\" style=\"color:#843434\">Was ist Pfadi?<\/h2>\n\n\n\n<p>Die Pfadi ist mit \u00fcber 45 000 Mitgliedern die gr\u00f6sste Kinder- und Jugendorganisation der Schweiz und steht f\u00fcr Freundschaft, Engagement, Zusammenhalt und viele Abenteuer.<\/p>\n\n\n\n<p>In der Pfadi k\u00f6nnen sich Kinder und Jugendliche austoben und die Natur erleben. Gemeinsam mit Gleichaltrigen unternehmen sie draussen vielf\u00e4ltige Aktivit\u00e4ten und lernen bereits fr\u00fch, f\u00fcr sich und f\u00fcr andere Verantwortung zu \u00fcbernehmen. Die Kinder und Jugendlichen erwerben in der Pfadi Kompetenzen f\u00fcr ihre Zukunft, erleben Abenteuer und kn\u00fcpfen Freundschaften f\u00fcrs Leben.<\/p>\n\n\n\n<p>Die Pfadiaktivit\u00e4ten finden in der Regel an jedem Samstagnachmittag, mit Ausnahme von Ferientagen, statt. Die W\u00f6lfli, Pfadis und Pios treffen sich jeweils in ihren Gruppen und erleben aufregende Verfolgungsjagden, spannende Abenteuer, schweisstreibende Gel\u00e4ndegames oder gem\u00fctliches Kochen auf dem Feuer. Mit all diesen Aktivit\u00e4ten soll nat\u00fcrlich der Spass nicht zu kurz kommen. Daher wird eine ausgelassene, fr\u00f6hliche Stimmung angestrebt. Die Kinder und Jugendlichen werden mit einer Geschichte durch den Samstagnachmittag geleitet. Zum Beispiel helfen sie einer Kr\u00e4uterhexe ihre Zutaten f\u00fcr den Zaubertrank wiederzufinden oder finden am Treffpunkt eine verschl\u00fcsselte Nachricht von einem Wissenschaftler, mit der sie dann auf eine heisse Spur kommen.<\/p>\n\n\n\n<p>Ein Highlight im Pfadijahr sind nat\u00fcrlich die Pfadilager. Diese finden jeweils \u00fcber die Auffahrts- oder Pfingsttage und abwechslungsweise im Sommer oder im Herbst statt. In den Pfadilagern \u00fcbernachten wir im Pfadiheim oder im Zelt und machen \u00fcber den Tag verteilt Pfadispiele, Sport, Lagerauf- und Abbau, Ausfl\u00fcge, Pfaditechnik oder Basteln etwas. Wie auch bei den Pfadiaktivit\u00e4ten zieht sich durch die Lager jeweils eine Geschichte (beispielsweise Wilder Westen, Pippi Langstrumpf, Detektiv B\u00fcro oder in 80 Tagen um die Welt).<\/p>\n\n\n\n<p>Die Pfadi bietet Kindern und Jugendlichen nicht nur ein attraktives Programm, sondern verfolgt im Rahmen ihrer Aktivit\u00e4ten auch p\u00e4dagogische Zielsetzungen: Durch vielf\u00e4ltige Erlebnisse sollen die heranwachsenden Jugendlichen bef\u00e4higt werden sich ganzheitlich zu entfalten.<\/p>\n\n\n\n<h2 class=\"wp-block-heading has-text-color\" style=\"color:#843434\">Altersstufen<\/h2>\n\n\n\n<p>Um den Kindern und Jugendlichen ein altersgerechtes Programm bieten zu k\u00f6nnen gibt es in der Pfadi vier Altersstufen.<\/p>\n\n\n\n<div class=\"wp-block-columns is-layout-flex wp-container-core-columns-is-layout-9d6595d7 wp-block-columns-is-layout-flex\">\n<div class=\"wp-block-column is-layout-flow wp-block-column-is-layout-flow\">\n<figure class=\"wp-block-image size-full is-resized\"><a href=\"https:\/\/pfadi-pulacha.ch\/?page_id=1504\"><img loading=\"lazy\" decoding=\"async\" width=\"360\" height=\"371\" src=\"https:\/\/pfadi-pulacha.ch\/wp-content\/uploads\/2024\/10\/Biberstufe.png\" alt=\"\" class=\"wp-image-1562\" style=\"aspect-ratio:1;width:124px;height:auto\" srcset=\"https:\/\/pfadi-pulacha.ch\/wp-content\/uploads\/2024\/10\/Biberstufe.png 360w, https:\/\/pfadi-pulacha.ch\/wp-content\/uploads\/2024\/10\/Biberstufe-291x300.png 291w, https:\/\/pfadi-pulacha.ch\/wp-content\/uploads\/2024\/10\/Biberstufe-24x24.png 24w, https:\/\/pfadi-pulacha.ch\/wp-content\/uploads\/2024\/10\/Biberstufe-36x36.png 36w, https:\/\/pfadi-pulacha.ch\/wp-content\/uploads\/2024\/10\/Biberstufe-48x48.png 48w\" sizes=\"auto, (max-width: 360px) 100vw, 360px\" \/><\/a><\/figure>\n\n\n\n<p><a href=\"https:\/\/pfadi-pulacha.ch\/?page_id=1504\">Biberstufe<\/a><br>Kinder 4-6Jahre<\/p>\n<\/div>\n\n\n\n<div class=\"wp-block-column is-layout-flow wp-block-column-is-layout-flow\">\n<figure class=\"wp-block-image size-large is-resized\"><a href=\"https:\/\/pfadi-pulacha.ch\/?page_id=42\"><img loading=\"lazy\" decoding=\"async\" width=\"1024\" height=\"1024\" src=\"https:\/\/pfadi-pulacha.ch\/wp-content\/uploads\/2021\/02\/manticor_logo_mit_kreis-gelb_rot-1024x1024.png\" alt=\"\" class=\"wp-image-204\" style=\"aspect-ratio:1;width:124px;height:auto\" srcset=\"https:\/\/pfadi-pulacha.ch\/wp-content\/uploads\/2021\/02\/manticor_logo_mit_kreis-gelb_rot-1024x1024.png 1024w, https:\/\/pfadi-pulacha.ch\/wp-content\/uploads\/2021\/02\/manticor_logo_mit_kreis-gelb_rot-300x300.png 300w, https:\/\/pfadi-pulacha.ch\/wp-content\/uploads\/2021\/02\/manticor_logo_mit_kreis-gelb_rot-150x150.png 150w, https:\/\/pfadi-pulacha.ch\/wp-content\/uploads\/2021\/02\/manticor_logo_mit_kreis-gelb_rot-768x768.png 768w, https:\/\/pfadi-pulacha.ch\/wp-content\/uploads\/2021\/02\/manticor_logo_mit_kreis-gelb_rot-1536x1536.png 1536w, https:\/\/pfadi-pulacha.ch\/wp-content\/uploads\/2021\/02\/manticor_logo_mit_kreis-gelb_rot-1568x1568.png 1568w, https:\/\/pfadi-pulacha.ch\/wp-content\/uploads\/2021\/02\/manticor_logo_mit_kreis-gelb_rot.png 1574w\" sizes=\"auto, (max-width: 1024px) 100vw, 1024px\" \/><\/a><\/figure>\n\n\n\n<p><a href=\"https:\/\/pfadi-pulacha.ch\/?page_id=42\">Wolfsstufe<\/a><br>Kinder 6-10 Jahre <\/p>\n<\/div>\n\n\n\n<div class=\"wp-block-column is-layout-flow wp-block-column-is-layout-flow\">\n<figure class=\"wp-block-image size-large is-resized\"><a href=\"https:\/\/pfadi-pulacha.ch\/?page_id=44\"><img loading=\"lazy\" decoding=\"async\" width=\"682\" height=\"452\" src=\"https:\/\/pfadi-pulacha.ch\/wp-content\/uploads\/2025\/11\/gruppe1-edited.jpg\" alt=\"\" class=\"wp-image-2247\" style=\"aspect-ratio:1;object-fit:cover;width:124px\" srcset=\"https:\/\/pfadi-pulacha.ch\/wp-content\/uploads\/2025\/11\/gruppe1-edited.jpg 682w, https:\/\/pfadi-pulacha.ch\/wp-content\/uploads\/2025\/11\/gruppe1-edited-300x199.jpg 300w, https:\/\/pfadi-pulacha.ch\/wp-content\/uploads\/2025\/11\/gruppe1-edited-24x16.jpg 24w, https:\/\/pfadi-pulacha.ch\/wp-content\/uploads\/2025\/11\/gruppe1-edited-36x24.jpg 36w, https:\/\/pfadi-pulacha.ch\/wp-content\/uploads\/2025\/11\/gruppe1-edited-48x32.jpg 48w\" sizes=\"auto, (max-width: 682px) 100vw, 682px\" \/><\/a><\/figure>\n\n\n\n<p><a href=\"https:\/\/pfadi-pulacha.ch\/?page_id=44\">Pfadistufe<\/a><br>Kinder 10-14 Jahre<\/p>\n<\/div>\n<\/div>\n\n\n\n<div class=\"wp-block-columns is-layout-flex wp-container-core-columns-is-layout-9d6595d7 wp-block-columns-is-layout-flex\">\n<div class=\"wp-block-column is-layout-flow wp-block-column-is-layout-flow\">\n<figure class=\"wp-block-image size-medium\"><a href=\"https:\/\/pfadi-pulacha.ch\/?page_id=46\"><img loading=\"lazy\" decoding=\"async\" width=\"2030\" height=\"1345\" src=\"https:\/\/pfadi-pulacha.ch\/wp-content\/uploads\/2025\/11\/pios1-edited-1.jpg\" alt=\"\" class=\"wp-image-2246\" style=\"aspect-ratio:1;object-fit:cover\" srcset=\"https:\/\/pfadi-pulacha.ch\/wp-content\/uploads\/2025\/11\/pios1-edited-1.jpg 2030w, https:\/\/pfadi-pulacha.ch\/wp-content\/uploads\/2025\/11\/pios1-edited-1-300x199.jpg 300w, https:\/\/pfadi-pulacha.ch\/wp-content\/uploads\/2025\/11\/pios1-edited-1-1024x678.jpg 1024w, https:\/\/pfadi-pulacha.ch\/wp-content\/uploads\/2025\/11\/pios1-edited-1-768x509.jpg 768w, https:\/\/pfadi-pulacha.ch\/wp-content\/uploads\/2025\/11\/pios1-edited-1-1536x1018.jpg 1536w, https:\/\/pfadi-pulacha.ch\/wp-content\/uploads\/2025\/11\/pios1-edited-1-1200x795.jpg 1200w, https:\/\/pfadi-pulacha.ch\/wp-content\/uploads\/2025\/11\/pios1-edited-1-1980x1312.jpg 1980w, https:\/\/pfadi-pulacha.ch\/wp-content\/uploads\/2025\/11\/pios1-edited-1-24x16.jpg 24w, https:\/\/pfadi-pulacha.ch\/wp-content\/uploads\/2025\/11\/pios1-edited-1-36x24.jpg 36w, https:\/\/pfadi-pulacha.ch\/wp-content\/uploads\/2025\/11\/pios1-edited-1-48x32.jpg 48w\" sizes=\"auto, (max-width: 2030px) 100vw, 2030px\" \/><\/a><\/figure>\n\n\n\n<p><a href=\"https:\/\/pfadi-pulacha.ch\/?page_id=46\">Piostufe<\/a><br>Kinder  14-16 Jahre<\/p>\n<\/div>\n\n\n\n<div class=\"wp-block-column is-layout-flow wp-block-column-is-layout-flow\">\n<figure class=\"wp-block-image size-large\"><a href=\"https:\/\/pfadi-pulacha.ch\/?page_id=48\"><img decoding=\"async\" src=\"https:\/\/pfadi-pulacha.ch\/wp-content\/uploads\/2021\/02\/rover1sq.jpg?w=1024\" alt=\"\" class=\"wp-image-116\" style=\"aspect-ratio:1;object-fit:cover\"\/><\/a><\/figure>\n\n\n\n<p><a href=\"https:\/\/pfadi-pulacha.ch\/?page_id=48\">Roverstufe<\/a><br>ab 16 Jahren<\/p>\n<\/div>\n\n\n\n<div class=\"wp-block-column is-layout-flow wp-block-column-is-layout-flow\"><\/div>\n<\/div>\n\n\n\n<div class=\"wp-block-columns is-layout-flex wp-container-core-columns-is-layout-9d6595d7 wp-block-columns-is-layout-flex\">\n<div class=\"wp-block-column is-layout-flow wp-block-column-is-layout-flow\"><\/div>\n<\/div>\n\n\n\n<h2 class=\"wp-block-heading has-text-color\" style=\"color:#843434\">Was du \u00fcber Pfadi wissen musst<\/h2>\n\n\n\n<div id=\"wp-block-themeisle-blocks-accordion-2e421b1d\" class=\"wp-block-themeisle-blocks-accordion exclusive\">\n<details class=\"wp-block-themeisle-blocks-accordion-item\"><summary class=\"wp-block-themeisle-blocks-accordion-item__title\"><div><strong>Was macht man in der Pfadi?<\/strong><\/div><\/summary><div class=\"wp-block-themeisle-blocks-accordion-item__content\">\n<p>Die Pfadi findet normalerweise am Samstag statt. Die Pfadis unternehmen in der Gruppe gemeinsam Aktivit\u00e4ten, zum Beispiel Gel\u00e4ndespiele, Basteln, Schnitzeljagden, Knoten kn\u00fcpfen, Kochen, Postenl\u00e4ufe, Feuer machen, Karten und Kompass lesen, Lager bauten oder das Erlernen von erster Hilfe.<\/p>\n<\/div><\/details>\n<\/div>\n\n\n\n<div id=\"wp-block-themeisle-blocks-accordion-8e496a06\" class=\"wp-block-themeisle-blocks-accordion exclusive\">\n<details class=\"wp-block-themeisle-blocks-accordion-item\"><summary class=\"wp-block-themeisle-blocks-accordion-item__title\"><div><strong>Wer kann in der Pfadi mitmachen?<\/strong><\/div><\/summary><div class=\"wp-block-themeisle-blocks-accordion-item__content\">\n<p>Alle Kinder und Jugendlichen sind in der Pfadi willkommen. F\u00fcr Kinder und Jugendliche mit einer k\u00f6rperlichen oder geistigen Beeintr\u00e4chtigung gibt es die&nbsp;<a rel=\"noreferrer noopener\" href=\"https:\/\/pfadi.swiss\/de\/pfadiprofil\/pta\/\" target=\"_blank\">Pfadi Trotz Allem (PTA)<\/a>.&nbsp;<\/p>\n<\/div><\/details>\n<\/div>\n\n\n\n<div id=\"wp-block-themeisle-blocks-accordion-446bbf5a\" class=\"wp-block-themeisle-blocks-accordion exclusive\">\n<details class=\"wp-block-themeisle-blocks-accordion-item\"><summary class=\"wp-block-themeisle-blocks-accordion-item__title\"><div><strong>Wie alt muss ich f\u00fcr die Pfadi sein?<\/strong><\/div><\/summary><div class=\"wp-block-themeisle-blocks-accordion-item__content\">\n<p>Kinder ab f\u00fcnf Jahren k\u00f6nnen die Pfadi besuchen. Die Pfadi ist in&nbsp;<a href=\"https:\/\/pfadi.swiss\/de\/pfadiprofil\/\">f\u00fcnf&nbsp;<\/a><a rel=\"noreferrer noopener\" href=\"https:\/\/pfadi.swiss\/de\/pfadiprofil\/\" target=\"_blank\">altersgerechte<\/a><a href=\"https:\/\/pfadi.swiss\/de\/pfadiprofil\/\">&nbsp;Stufen<\/a>&nbsp;aufgeteilt, in welchen das Pfadiprogramm entsprechend angepasst ist. Ab 13 Jahren k\u00f6nnen Pfadis die ersten Kurse besuchen und \u00fcbernehmen laufend mehr Verantwortung in der Gruppe.&nbsp;<\/p>\n<\/div><\/details>\n<\/div>\n\n\n\n<div id=\"wp-block-themeisle-blocks-accordion-55ba0ea1\" class=\"wp-block-themeisle-blocks-accordion exclusive\">\n<details class=\"wp-block-themeisle-blocks-accordion-item\"><summary class=\"wp-block-themeisle-blocks-accordion-item__title\"><div><strong>Kann ich bei der Pfadi schnuppern kommen?<\/strong><\/div><\/summary><div class=\"wp-block-themeisle-blocks-accordion-item__content\">\n<p>Nat\u00fcrlich. Einmal im Jahr findet ein spezieller Schnupperanlass statt. Es besteht aber auf Anfrage grunds\u00e4tzlich immer die M\u00f6glichkeit an zwei, drei Samstagen bei den Pfadiaktivit\u00e4ten mitzumachen. Weitere Informationen zum Schnuppern findest du&nbsp;<a href=\"https:\/\/pfadipulacha289315841.wordpress.com\/mitmachen\/\">hier<\/a>.<\/p>\n<\/div><\/details>\n<\/div>\n\n\n\n<div id=\"wp-block-themeisle-blocks-accordion-f8af3d62\" class=\"wp-block-themeisle-blocks-accordion exclusive\">\n<details class=\"wp-block-themeisle-blocks-accordion-item\"><summary class=\"wp-block-themeisle-blocks-accordion-item__title\"><div><strong>Muss ich jeden Samstag in die Pfadi kommen?<\/strong><\/div><\/summary><div class=\"wp-block-themeisle-blocks-accordion-item__content\">\n<p>Wenn du regelm\u00e4ssig in die Pfadi gehst, dann hast du auch mehr davon und du wirst dich schneller in der Gruppe wohlf\u00fchlen. Zudem macht Pfadi mehr Spass, wenn viele Pfadis mit dabei sind.<\/p>\n<\/div><\/details>\n<\/div>\n\n\n\n<div id=\"wp-block-themeisle-blocks-accordion-dfceec18\" class=\"wp-block-themeisle-blocks-accordion exclusive\">\n<details class=\"wp-block-themeisle-blocks-accordion-item\"><summary class=\"wp-block-themeisle-blocks-accordion-item__title\"><div><strong>Welche Ausr\u00fcstung brauche ich f\u00fcr die Pfadi?<\/strong><\/div><\/summary><div class=\"wp-block-themeisle-blocks-accordion-item__content\">\n<p>Die Pfadiausr\u00fcstung besteht grunds\u00e4tzlich aus Pfadihemd und Pfadikrawatte. Da die Pfadi meistens draussen stattfindet, empfehlen wir gute Schuhe und robuste Kleidung, denn auch bei Regenwetter findet Pfadi oft draussen statt. Zur Grundausr\u00fcstung geh\u00f6rt ein Rucksack oder ein Pfadit\u00e4schli mit einem kleinen Block, Stiften, Schnur, Sackmesser, Streichh\u00f6lzer, Zeitung, Notbatzen, kleine Apotheke, Plastiksack.<\/p>\n<\/div><\/details>\n<\/div>\n\n\n\n<div id=\"wp-block-themeisle-blocks-accordion-60bf1d90\" class=\"wp-block-themeisle-blocks-accordion exclusive\">\n<details class=\"wp-block-themeisle-blocks-accordion-item\"><summary class=\"wp-block-themeisle-blocks-accordion-item__title\"><div><strong>Wie sind die Pfadileiter*innen ausgebildet?<\/strong><\/div><\/summary><div class=\"wp-block-themeisle-blocks-accordion-item__content\">\n<p>Die Pfadibewegung bietet vielf\u00e4ltige Aus- und Weiterbildungskurse an. Die Kurse werden von erfahrenen Kursleitenden geleitet. Die Grundausbildung und einige Weiterbildungsmodule werden als Jugend+Sport-Kurse angeboten.<\/p>\n<\/div><\/details>\n<\/div>\n\n\n\n<div id=\"wp-block-themeisle-blocks-accordion-0f77b3e1\" class=\"wp-block-themeisle-blocks-accordion exclusive\">\n<details class=\"wp-block-themeisle-blocks-accordion-item\"><summary class=\"wp-block-themeisle-blocks-accordion-item__title\"><div><strong>Ist die Pfadi gef\u00e4hrlich?<\/strong><\/div><\/summary><div class=\"wp-block-themeisle-blocks-accordion-item__content\">\n<p>Der Schutz der Kinder und Jugendlichen hat in der Pfadi h\u00f6chste Priorit\u00e4t. Wir sind aber auch \u00fcberzeugt, dass Kinder und Jugendliche einen sinnvollen Umgang mit Risiko nur erlernen, wenn sie bewusst akzeptiertes Risiko eingehen. Wir Pfadi wollen, dass Leitende Risikosituationen fr\u00fchzeitig erkennen, richtig einsch\u00e4tzen und angemessen auf diese reagieren k\u00f6nnen. Um das zu schaffen, wird dem Thema Sicherheit in der Leitendenausbildung viel Gewicht gegeben.<\/p>\n\n\n\n<p>Unsere Pfadileiter*innen werden auch im Bereich Pr\u00e4vention in ihren Ausbildungskursen geschult. Die Themen Sucht- und Gewaltpr\u00e4vention, Pr\u00e4vention sexueller Ausbeutung und Gesundheitsf\u00f6rderung sind Schwerpunktthemen.<\/p>\n\n\n\n<p>F\u00fcr die Bew\u00e4ltigung aussergew\u00f6hnlicher Situationen verf\u00fcgt die Pfadi in der Schweiz \u00fcber kantonale sowie ein nationales Krisenteam. Krisenteams bestehen aus Fachleuten, die die Pfadis unter herausfordernden Umst\u00e4nden beraten und unterst\u00fctzen.<\/p>\n<\/div><\/details>\n<\/div>\n\n\n\n<div id=\"wp-block-themeisle-blocks-accordion-6fc1ab43\" class=\"wp-block-themeisle-blocks-accordion exclusive\">\n<details class=\"wp-block-themeisle-blocks-accordion-item\"><summary class=\"wp-block-themeisle-blocks-accordion-item__title\"><div><strong>F\u00fcr was steht die Pfadi?<\/strong><\/div><\/summary><div class=\"wp-block-themeisle-blocks-accordion-item__content\">\n<p>Die Pfadibewegung ist die gr\u00f6sste Jugendorganisation der Welt und steht auch heute f\u00fcr&nbsp;<strong>Freundschaft, Engagement, Zusammenhalt und tolle Abenteuer<\/strong>. Die Pfadis treffen sich regelm\u00e4ssig mit Jugendlichen in ihrem Alter zu gemeinsamen Erlebnissen.<\/p>\n<\/div><\/details>\n<\/div>\n\n\n\n<div id=\"wp-block-themeisle-blocks-accordion-90dd867a\" class=\"wp-block-themeisle-blocks-accordion exclusive\">\n<details class=\"wp-block-themeisle-blocks-accordion-item\"><summary class=\"wp-block-themeisle-blocks-accordion-item__title\"><div><strong>Warum geben sich Pfadis die linke Hand? <\/strong><\/div><\/summary><div class=\"wp-block-themeisle-blocks-accordion-item__content\">\n<p>Pfadis&nbsp;reichen sich zur Begr\u00fcssung, im Gegensatz zum gew\u00f6hnlichen H\u00e4ndesch\u00fctteln die&nbsp;linke Hand, da diese vom Herzen kommt. Dies soll die br\u00fcderliche und herzliche Gemeinschaft zeigen. Es ist zudem \u00fcblich den kleinen Finger der&nbsp;linken Hand&nbsp;beim Handschlag abzuspreizen.<\/p>\n<\/div><\/details>\n<\/div>\n\n\n\n<div id=\"wp-block-themeisle-blocks-accordion-ebf56f29\" class=\"wp-block-themeisle-blocks-accordion exclusive\">\n<details class=\"wp-block-themeisle-blocks-accordion-item\"><summary class=\"wp-block-themeisle-blocks-accordion-item__title\"><div><strong>Was sind die Farben der Pfadis?<\/strong><\/div><\/summary><div class=\"wp-block-themeisle-blocks-accordion-item__content\">\n<p>Die W\u00f6lfe tragen in der Regel t\u00fcrkisfarbene Hemden und Pfadis haben ein Khaki Hemd. Die Pios tragen ein rotes und Leitern ein gr\u00fcnes Uniformhemd.<\/p>\n<\/div><\/details>\n<\/div>\n\n\n\n<div id=\"wp-block-themeisle-blocks-accordion-672bc8b4\" class=\"wp-block-themeisle-blocks-accordion exclusive\">\n<details class=\"wp-block-themeisle-blocks-accordion-item\"><summary class=\"wp-block-themeisle-blocks-accordion-item__title\"><div><strong>Hat die Pfadi ein p\u00e4dagogisches Ziel?<\/strong><\/div><\/summary><div class=\"wp-block-themeisle-blocks-accordion-item__content\">\n<p>Das oberste Ziel der Pfadi ist die ganzheitliche Entwicklung der Kinder und Jugendlichen. Im Pfadiprogramm werden f\u00fcnf Beziehungen anhand von sieben Methoden gef\u00f6rdert, diese Grundlagen sind im sogenannten&nbsp;<a class=\"\" href=\"https:\/\/pfadi.swiss\/de\/pfadiprofil\/\">Pfadiprofil<\/a>&nbsp;verankert.<\/p>\n<\/div><\/details>\n<\/div>\n","protected":false},"excerpt":{"rendered":"<p>Was ist Pfadi? Die Pfadi ist mit \u00fcber 45 000 Mitgliedern die gr\u00f6sste Kinder- und Jugendorganisation der Schweiz und steht f\u00fcr Freundschaft, Engagement, Zusammenhalt und viele Abenteuer. In der Pfadi k\u00f6nnen sich Kinder und Jugendliche austoben und die Natur erleben. Gemeinsam mit Gleichaltrigen unternehmen sie draussen vielf\u00e4ltige Aktivit\u00e4ten und lernen bereits fr\u00fch, f\u00fcr sich und [&hellip;]<\/p>\n","protected":false},"author":1,"featured_media":0,"parent":0,"menu_order":0,"comment_status":"closed","ping_status":"closed","template":"","meta":{"_themeisle_gutenberg_block_has_review":false,"footnotes":""},"class_list":["post-38","page","type-page","status-publish","hentry"],"_links":{"self":[{"href":"https:\/\/pfadi-pulacha.ch\/index.php?rest_route=\/wp\/v2\/pages\/38","targetHints":{"allow":["GET"]}}],"collection":[{"href":"https:\/\/pfadi-pulacha.ch\/index.php?rest_route=\/wp\/v2\/pages"}],"about":[{"href":"https:\/\/pfadi-pulacha.ch\/index.php?rest_route=\/wp\/v2\/types\/page"}],"author":[{"embeddable":true,"href":"https:\/\/pfadi-pulacha.ch\/index.php?rest_route=\/wp\/v2\/users\/1"}],"replies":[{"embeddable":true,"href":"https:\/\/pfadi-pulacha.ch\/index.php?rest_route=%2Fwp%2Fv2%2Fcomments&post=38"}],"version-history":[{"count":34,"href":"https:\/\/pfadi-pulacha.ch\/index.php?rest_route=\/wp\/v2\/pages\/38\/revisions"}],"predecessor-version":[{"id":2272,"href":"https:\/\/pfadi-pulacha.ch\/index.php?rest_route=\/wp\/v2\/pages\/38\/revisions\/2272"}],"wp:attachment":[{"href":"https:\/\/pfadi-pulacha.ch\/index.php?rest_route=%2Fwp%2Fv2%2Fmedia&parent=38"}],"curies":[{"name":"wp","href":"https:\/\/api.w.org\/{rel}","templated":true}]}}